{"id":1866,"date":"2024-08-30T07:31:12","date_gmt":"2024-08-30T07:31:12","guid":{"rendered":"https:\/\/turismomarfel.com\/?page_id=1866"},"modified":"2024-09-12T17:26:09","modified_gmt":"2024-09-12T17:26:09","slug":"business-services","status":"publish","type":"page","link":"https:\/\/turismomarfel.com\/index.php\/business-services\/","title":{"rendered":"BUSINESS SERVICES"},"content":{"rendered":"<p>[et_pb_section fb_built=&#8221;1&#8243; _builder_version=&#8221;4.27.0&#8243; _module_preset=&#8221;default&#8221; custom_padding=&#8221;0px||0px|||&#8221; global_colors_info=&#8221;{}&#8221;][et_pb_row _builder_version=&#8221;4.27.0&#8243; _module_preset=&#8221;default&#8221; width=&#8221;100%&#8221; max_width=&#8221;100%&#8221; custom_padding=&#8221;0px||0px|||&#8221; global_colors_info=&#8221;{}&#8221;][et_pb_column type=&#8221;4_4&#8243; _builder_version=&#8221;4.27.0&#8243; _module_preset=&#8221;default&#8221; global_colors_info=&#8221;{}&#8221;][et_pb_slider _builder_version=&#8221;4.27.0&#8243; _module_preset=&#8221;default&#8221; global_colors_info=&#8221;{}&#8221;][et_pb_slide _builder_version=&#8221;4.27.0&#8243; _module_preset=&#8221;default&#8221; background_enable_color=&#8221;off&#8221; background_image=&#8221;https:\/\/turismomarfel.com\/wp-content\/uploads\/2024\/08\/adispo.webp&#8221; background_enable_image=&#8221;on&#8221; global_colors_info=&#8221;{}&#8221; sticky_transition=&#8221;on&#8221;][\/et_pb_slide][et_pb_slide _builder_version=&#8221;4.27.0&#8243; _module_preset=&#8221;default&#8221; background_enable_color=&#8221;off&#8221; background_image=&#8221;https:\/\/turismomarfel.com\/wp-content\/uploads\/2024\/08\/turisticos.webp&#8221; background_enable_image=&#8221;on&#8221; global_colors_info=&#8221;{}&#8221; sticky_transition=&#8221;on&#8221;][\/et_pb_slide][\/et_pb_slider][\/et_pb_column][\/et_pb_row][\/et_pb_section][et_pb_section fb_built=&#8221;1&#8243; _builder_version=&#8221;4.27.0&#8243; _module_preset=&#8221;default&#8221; custom_padding=&#8221;||12px|||&#8221; global_colors_info=&#8221;{}&#8221;][et_pb_row _builder_version=&#8221;4.27.0&#8243; _module_preset=&#8221;default&#8221; global_colors_info=&#8221;{}&#8221;][et_pb_column type=&#8221;4_4&#8243; _builder_version=&#8221;4.27.0&#8243; _module_preset=&#8221;default&#8221; global_colors_info=&#8221;{}&#8221;][et_pb_text _builder_version=&#8221;4.27.0&#8243; _module_preset=&#8221;default&#8221; text_font=&#8221;Poppins|700|||||||&#8221; text_text_color=&#8221;gcid-36375ef6-fd54-4981-8364-5c49cee7860d&#8221; text_font_size=&#8221;30px&#8221; header_3_font=&#8221;Poppins|700|||||||&#8221; header_3_text_color=&#8221;gcid-36375ef6-fd54-4981-8364-5c49cee7860d&#8221; header_3_font_size=&#8221;40px&#8221; text_orientation=&#8221;center&#8221; custom_margin=&#8221;||9px|||&#8221; hover_enabled=&#8221;0&#8243; global_colors_info=&#8221;{%22gcid-36375ef6-fd54-4981-8364-5c49cee7860d%22:%91%22text_text_color%22,%22header_3_text_color%22%93}&#8221; sticky_enabled=&#8221;0&#8243;]<\/p>\n<h3 class=\"s-rich-text-wrapper s-rich-text-wrapper s-rich-text-wrapper s-rich-text-wrapper s-rich-text-wrapper s-rich-text-wrapper s-rich-text-wrapper s-rich-text-wrapper s-rich-text-wrapper s-rich-text-wrapper s-rich-text-wrapper s-rich-text-wrapper s-rich-text-wrapper s-rich-text-wrapper font-size-tag-header-three s-text-font-size-over-default s-rich-text-wrapper\">SERVICIOS EXCLUSIVOS PARA EMPRESAS<\/h3>\n<p>[\/et_pb_text][et_pb_text _builder_version=&#8221;4.27.0&#8243; _module_preset=&#8221;default&#8221; text_font=&#8221;Poppins|700|||||||&#8221; text_text_color=&#8221;gcid-36375ef6-fd54-4981-8364-5c49cee7860d&#8221; text_font_size=&#8221;30px&#8221; text_line_height=&#8221;0.8em&#8221; header_3_font=&#8221;Poppins||||||||&#8221; header_3_text_color=&#8221;#000000&#8243; header_3_font_size=&#8221;21px&#8221; text_orientation=&#8221;center&#8221; custom_margin=&#8221;39px||9px||false|false&#8221; global_colors_info=&#8221;{%22gcid-36375ef6-fd54-4981-8364-5c49cee7860d%22:%91%22text_text_color%22%93}&#8221;]<\/p>\n<h3 class=\"s-rich-text-wrapper s-rich-text-wrapper s-rich-text-wrapper s-rich-text-wrapper s-rich-text-wrapper s-rich-text-wrapper s-rich-text-wrapper s-rich-text-wrapper s-rich-text-wrapper s-rich-text-wrapper s-rich-text-wrapper s-rich-text-wrapper s-rich-text-wrapper s-rich-text-wrapper font-size-tag-header-three s-text-font-size-over-default s-rich-text-wrapper\">Al registrar tu empresa con nosotros, obtendr\u00e1s una serie de beneficios que van desde tarifas especiales y\/o coordinaci\u00f3n de traslados prolongados durante un corto, mediano o largo plazo.<\/h3>\n<h3 class=\"s-rich-text-wrapper s-rich-text-wrapper s-rich-text-wrapper s-rich-text-wrapper s-rich-text-wrapper s-rich-text-wrapper s-rich-text-wrapper s-rich-text-wrapper s-rich-text-wrapper s-rich-text-wrapper s-rich-text-wrapper s-rich-text-wrapper s-rich-text-wrapper s-rich-text-wrapper font-size-tag-header-three s-text-font-size-over-default s-rich-text-wrapper\">Algunos de los beneficios son:<\/h3>\n<p>[\/et_pb_text][\/et_pb_column][\/et_pb_row][et_pb_row column_structure=&#8221;1_4,1_4,1_4,1_4&#8243; _builder_version=&#8221;4.27.0&#8243; _module_preset=&#8221;default&#8221; global_colors_info=&#8221;{}&#8221;][et_pb_column type=&#8221;1_4&#8243; _builder_version=&#8221;4.27.0&#8243; _module_preset=&#8221;default&#8221; global_colors_info=&#8221;{}&#8221;][et_pb_image src=&#8221;https:\/\/turismomarfel.com\/wp-content\/uploads\/2024\/08\/1.png&#8221; title_text=&#8221;1&#8243; align=&#8221;center&#8221; _builder_version=&#8221;4.27.0&#8243; _module_preset=&#8221;default&#8221; width=&#8221;52%&#8221; animation_style=&#8221;zoom&#8221; global_colors_info=&#8221;{}&#8221;][\/et_pb_image][et_pb_text _builder_version=&#8221;4.27.0&#8243; _module_preset=&#8221;default&#8221; text_font=&#8221;Poppins|700|||||||&#8221; text_text_color=&#8221;gcid-36375ef6-fd54-4981-8364-5c49cee7860d&#8221; text_font_size=&#8221;30px&#8221; text_line_height=&#8221;0.8em&#8221; header_3_font=&#8221;Poppins|700|||||||&#8221; header_3_text_color=&#8221;#000000&#8243; header_3_font_size=&#8221;15px&#8221; text_orientation=&#8221;center&#8221; custom_margin=&#8221;39px||9px||false|false&#8221; global_colors_info=&#8221;{%22gcid-36375ef6-fd54-4981-8364-5c49cee7860d%22:%91%22text_text_color%22%93}&#8221;]<\/p>\n<h3 class=\"s-rich-text-wrapper s-rich-text-wrapper s-rich-text-wrapper s-rich-text-wrapper s-rich-text-wrapper s-rich-text-wrapper s-rich-text-wrapper s-rich-text-wrapper s-rich-text-wrapper s-rich-text-wrapper s-rich-text-wrapper s-rich-text-wrapper s-rich-text-wrapper s-rich-text-wrapper font-size-tag-header-three s-text-font-size-over-default s-rich-text-wrapper\">TRASLADOS PROLONGADOS A CR\u00c9DITO<\/h3>\n<p>[\/et_pb_text][et_pb_text _builder_version=&#8221;4.27.0&#8243; _module_preset=&#8221;default&#8221; text_font=&#8221;Poppins|700|||||||&#8221; text_text_color=&#8221;gcid-36375ef6-fd54-4981-8364-5c49cee7860d&#8221; text_font_size=&#8221;30px&#8221; text_line_height=&#8221;0.8em&#8221; header_3_font=&#8221;Poppins||||||||&#8221; header_3_text_color=&#8221;#000000&#8243; header_3_font_size=&#8221;15px&#8221; text_orientation=&#8221;center&#8221; custom_margin=&#8221;-3px||9px||false|false&#8221; global_colors_info=&#8221;{%22gcid-36375ef6-fd54-4981-8364-5c49cee7860d%22:%91%22text_text_color%22%93}&#8221;]<\/p>\n<h3 class=\"s-rich-text-wrapper s-rich-text-wrapper s-rich-text-wrapper s-rich-text-wrapper s-rich-text-wrapper s-rich-text-wrapper s-rich-text-wrapper s-rich-text-wrapper s-rich-text-wrapper s-rich-text-wrapper s-rich-text-wrapper s-rich-text-wrapper s-rich-text-wrapper s-rich-text-wrapper font-size-tag-header-three s-text-font-size-over-default s-rich-text-wrapper\">No necesitas realizar el pago antes de los servicios para que cubramos los traslados prolongados que requieran. Bastar\u00e1 con que nos env\u00edes un mail solicitando los servicios que requieras.<\/h3>\n<p>[\/et_pb_text][\/et_pb_column][et_pb_column type=&#8221;1_4&#8243; _builder_version=&#8221;4.27.0&#8243; _module_preset=&#8221;default&#8221; global_colors_info=&#8221;{}&#8221;][et_pb_image src=&#8221;https:\/\/turismomarfel.com\/wp-content\/uploads\/2024\/08\/2.png&#8221; title_text=&#8221;2&#8243; align=&#8221;center&#8221; _builder_version=&#8221;4.27.0&#8243; _module_preset=&#8221;default&#8221; width=&#8221;52%&#8221; animation_style=&#8221;zoom&#8221; global_colors_info=&#8221;{}&#8221;][\/et_pb_image][et_pb_text _builder_version=&#8221;4.27.0&#8243; _module_preset=&#8221;default&#8221; text_font=&#8221;Poppins|700|||||||&#8221; text_text_color=&#8221;gcid-36375ef6-fd54-4981-8364-5c49cee7860d&#8221; text_font_size=&#8221;30px&#8221; text_line_height=&#8221;0.8em&#8221; header_3_font=&#8221;Poppins|700|||||||&#8221; header_3_text_color=&#8221;#000000&#8243; header_3_font_size=&#8221;15px&#8221; text_orientation=&#8221;center&#8221; custom_margin=&#8221;39px||9px||false|false&#8221; global_colors_info=&#8221;{%22gcid-36375ef6-fd54-4981-8364-5c49cee7860d%22:%91%22text_text_color%22%93}&#8221;]<\/p>\n<h3 class=\"s-rich-text-wrapper s-rich-text-wrapper s-rich-text-wrapper s-rich-text-wrapper s-rich-text-wrapper s-rich-text-wrapper s-rich-text-wrapper s-rich-text-wrapper s-rich-text-wrapper s-rich-text-wrapper s-rich-text-wrapper s-rich-text-wrapper s-rich-text-wrapper s-rich-text-wrapper font-size-tag-header-three s-text-font-size-over-default s-rich-text-wrapper\">SERVICIO DE CONDUCTORES PROFESIONALES<\/h3>\n<p>[\/et_pb_text][et_pb_text _builder_version=&#8221;4.27.0&#8243; _module_preset=&#8221;default&#8221; text_font=&#8221;Poppins|700|||||||&#8221; text_text_color=&#8221;gcid-36375ef6-fd54-4981-8364-5c49cee7860d&#8221; text_font_size=&#8221;30px&#8221; text_line_height=&#8221;0.8em&#8221; header_3_font=&#8221;Poppins||||||||&#8221; header_3_text_color=&#8221;#000000&#8243; header_3_font_size=&#8221;15px&#8221; text_orientation=&#8221;center&#8221; custom_margin=&#8221;-3px||9px||false|false&#8221; global_colors_info=&#8221;{%22gcid-36375ef6-fd54-4981-8364-5c49cee7860d%22:%91%22text_text_color%22%93}&#8221;]<\/p>\n<h3 class=\"s-rich-text-wrapper s-rich-text-wrapper s-rich-text-wrapper s-rich-text-wrapper s-rich-text-wrapper s-rich-text-wrapper s-rich-text-wrapper s-rich-text-wrapper s-rich-text-wrapper s-rich-text-wrapper s-rich-text-wrapper s-rich-text-wrapper s-rich-text-wrapper s-rich-text-wrapper font-size-tag-header-three s-text-font-size-over-default s-rich-text-wrapper\">Trasladaremos a los pasajeros, desde el aeropuerto o del hotel a cualquier destino, con la confianza, puntualidad y seguridad necesaria. Tambi\u00e9n podemos recibir a tus pasajeros con el logotipo de tu empresa.<\/h3>\n<p>[\/et_pb_text][\/et_pb_column][et_pb_column type=&#8221;1_4&#8243; _builder_version=&#8221;4.27.0&#8243; _module_preset=&#8221;default&#8221; global_colors_info=&#8221;{}&#8221;][et_pb_image src=&#8221;https:\/\/turismomarfel.com\/wp-content\/uploads\/2024\/08\/3.png&#8221; title_text=&#8221;3&#8243; align=&#8221;center&#8221; _builder_version=&#8221;4.27.0&#8243; _module_preset=&#8221;default&#8221; width=&#8221;52%&#8221; animation_style=&#8221;zoom&#8221; global_colors_info=&#8221;{}&#8221;][\/et_pb_image][et_pb_text _builder_version=&#8221;4.27.0&#8243; _module_preset=&#8221;default&#8221; text_font=&#8221;Poppins|700|||||||&#8221; text_text_color=&#8221;gcid-36375ef6-fd54-4981-8364-5c49cee7860d&#8221; text_font_size=&#8221;30px&#8221; text_line_height=&#8221;0.8em&#8221; header_3_font=&#8221;Poppins|700|||||||&#8221; header_3_text_color=&#8221;#000000&#8243; header_3_font_size=&#8221;15px&#8221; text_orientation=&#8221;center&#8221; custom_margin=&#8221;39px||9px||false|false&#8221; global_colors_info=&#8221;{%22gcid-36375ef6-fd54-4981-8364-5c49cee7860d%22:%91%22text_text_color%22%93}&#8221;]<\/p>\n<h3 class=\"s-rich-text-wrapper s-rich-text-wrapper s-rich-text-wrapper s-rich-text-wrapper s-rich-text-wrapper s-rich-text-wrapper s-rich-text-wrapper s-rich-text-wrapper s-rich-text-wrapper s-rich-text-wrapper s-rich-text-wrapper s-rich-text-wrapper s-rich-text-wrapper s-rich-text-wrapper font-size-tag-header-three s-text-font-size-over-default s-rich-text-wrapper\">CR\u00c9DITO COMERCIAL<\/h3>\n<p>[\/et_pb_text][et_pb_text _builder_version=&#8221;4.27.0&#8243; _module_preset=&#8221;default&#8221; text_font=&#8221;Poppins|700|||||||&#8221; text_text_color=&#8221;gcid-36375ef6-fd54-4981-8364-5c49cee7860d&#8221; text_font_size=&#8221;30px&#8221; text_line_height=&#8221;0.8em&#8221; header_3_font=&#8221;Poppins||||||||&#8221; header_3_text_color=&#8221;#000000&#8243; header_3_font_size=&#8221;15px&#8221; text_orientation=&#8221;center&#8221; custom_margin=&#8221;-3px||9px||false|false&#8221; global_colors_info=&#8221;{%22gcid-36375ef6-fd54-4981-8364-5c49cee7860d%22:%91%22text_text_color%22%93}&#8221;]<\/p>\n<h3 class=\"s-rich-text-wrapper s-rich-text-wrapper s-rich-text-wrapper s-rich-text-wrapper s-rich-text-wrapper s-rich-text-wrapper s-rich-text-wrapper s-rich-text-wrapper s-rich-text-wrapper s-rich-text-wrapper s-rich-text-wrapper s-rich-text-wrapper s-rich-text-wrapper s-rich-text-wrapper font-size-tag-header-three s-text-font-size-over-default s-rich-text-wrapper\">Nos ajustamos a las pol\u00edticas de pago de tu empresa u organizaci\u00f3n, Ofreciendo cr\u00e9dito comercial de 7, 15 o m\u00e1s d\u00edas.<\/h3>\n<p>[\/et_pb_text][\/et_pb_column][et_pb_column type=&#8221;1_4&#8243; _builder_version=&#8221;4.27.0&#8243; _module_preset=&#8221;default&#8221; global_colors_info=&#8221;{}&#8221;][et_pb_image src=&#8221;https:\/\/turismomarfel.com\/wp-content\/uploads\/2024\/08\/4-1.png&#8221; title_text=&#8221;4 (1)&#8221; align=&#8221;center&#8221; _builder_version=&#8221;4.27.0&#8243; _module_preset=&#8221;default&#8221; width=&#8221;52%&#8221; animation_style=&#8221;zoom&#8221; global_colors_info=&#8221;{}&#8221;][\/et_pb_image][et_pb_text _builder_version=&#8221;4.27.0&#8243; _module_preset=&#8221;default&#8221; text_font=&#8221;Poppins|700|||||||&#8221; text_text_color=&#8221;gcid-36375ef6-fd54-4981-8364-5c49cee7860d&#8221; text_font_size=&#8221;30px&#8221; text_line_height=&#8221;0.8em&#8221; header_3_font=&#8221;Poppins|700|||||||&#8221; header_3_text_color=&#8221;#000000&#8243; header_3_font_size=&#8221;15px&#8221; text_orientation=&#8221;center&#8221; custom_margin=&#8221;39px||9px||false|false&#8221; global_colors_info=&#8221;{%22gcid-36375ef6-fd54-4981-8364-5c49cee7860d%22:%91%22text_text_color%22%93}&#8221;]<\/p>\n<h3 class=\"s-rich-text-wrapper s-rich-text-wrapper s-rich-text-wrapper s-rich-text-wrapper s-rich-text-wrapper s-rich-text-wrapper s-rich-text-wrapper s-rich-text-wrapper s-rich-text-wrapper s-rich-text-wrapper s-rich-text-wrapper s-rich-text-wrapper s-rich-text-wrapper s-rich-text-wrapper font-size-tag-header-three s-text-font-size-over-default s-rich-text-wrapper\">TARIFAS ESPECIALES EN TRASLADOS PROLONGADOS<\/h3>\n<p>[\/et_pb_text][et_pb_text _builder_version=&#8221;4.27.0&#8243; _module_preset=&#8221;default&#8221; text_font=&#8221;Poppins|700|||||||&#8221; text_text_color=&#8221;gcid-36375ef6-fd54-4981-8364-5c49cee7860d&#8221; text_font_size=&#8221;30px&#8221; text_line_height=&#8221;0.8em&#8221; header_3_font=&#8221;Poppins||||||||&#8221; header_3_text_color=&#8221;#000000&#8243; header_3_font_size=&#8221;15px&#8221; text_orientation=&#8221;center&#8221; custom_margin=&#8221;-3px||9px||false|false&#8221; global_colors_info=&#8221;{%22gcid-36375ef6-fd54-4981-8364-5c49cee7860d%22:%91%22text_text_color%22%93}&#8221;]<\/p>\n<h3 class=\"s-rich-text-wrapper s-rich-text-wrapper s-rich-text-wrapper s-rich-text-wrapper s-rich-text-wrapper s-rich-text-wrapper s-rich-text-wrapper s-rich-text-wrapper s-rich-text-wrapper s-rich-text-wrapper s-rich-text-wrapper s-rich-text-wrapper s-rich-text-wrapper s-rich-text-wrapper font-size-tag-header-three s-text-font-size-over-default s-rich-text-wrapper\">Obt\u00e9n desde un 15% hasta un 30% de descuento en traslados prolongados.<\/h3>\n<p>[\/et_pb_text][\/et_pb_column][\/et_pb_row][et_pb_row _builder_version=&#8221;4.27.0&#8243; _module_preset=&#8221;default&#8221; global_colors_info=&#8221;{}&#8221;][et_pb_column type=&#8221;4_4&#8243; _builder_version=&#8221;4.27.0&#8243; _module_preset=&#8221;default&#8221; global_colors_info=&#8221;{}&#8221;][et_pb_button button_url=&#8221;https:\/\/wa.me\/6141555555&#8243; url_new_window=&#8221;on&#8221; button_text=&#8221;Cont\u00e1ctanos por WhatsApp&#8221; button_alignment=&#8221;center&#8221; _builder_version=&#8221;4.27.0&#8243; _module_preset=&#8221;default&#8221; custom_button=&#8221;on&#8221; button_text_color=&#8221;gcid-36375ef6-fd54-4981-8364-5c49cee7860d&#8221; button_border_width=&#8221;2px&#8221; button_border_radius=&#8221;48px&#8221; global_colors_info=&#8221;{%22gcid-36375ef6-fd54-4981-8364-5c49cee7860d%22:%91%22button_text_color%22%93}&#8221;][\/et_pb_button][\/et_pb_column][\/et_pb_row][\/et_pb_section]<\/p>\n","protected":false},"excerpt":{"rendered":"<p>SERVICIOS EXCLUSIVOS PARA EMPRESASAl registrar tu empresa con nosotros, obtendr\u00e1s una serie de beneficios que van desde tarifas especiales y\/o coordinaci\u00f3n de traslados prolongados durante un corto, mediano o largo plazo. Algunos de los beneficios son:TRASLADOS PROLONGADOS A CR\u00c9DITONo necesitas realizar el pago antes de los servicios para que cubramos los traslados prolongados que requieran. [&hellip;]<\/p>\n","protected":false},"author":3,"featured_media":0,"parent":0,"menu_order":0,"comment_status":"closed","ping_status":"closed","template":"","meta":{"_et_pb_use_builder":"on","_et_pb_old_content":"<!-- wp:divi\/placeholder \/-->","_et_gb_content_width":"","footnotes":""},"class_list":["post-1866","page","type-page","status-publish","hentry"],"_links":{"self":[{"href":"https:\/\/turismomarfel.com\/index.php\/wp-json\/wp\/v2\/pages\/1866"}],"collection":[{"href":"https:\/\/turismomarfel.com\/index.php\/wp-json\/wp\/v2\/pages"}],"about":[{"href":"https:\/\/turismomarfel.com\/index.php\/wp-json\/wp\/v2\/types\/page"}],"author":[{"embeddable":true,"href":"https:\/\/turismomarfel.com\/index.php\/wp-json\/wp\/v2\/users\/3"}],"replies":[{"embeddable":true,"href":"https:\/\/turismomarfel.com\/index.php\/wp-json\/wp\/v2\/comments?post=1866"}],"version-history":[{"count":7,"href":"https:\/\/turismomarfel.com\/index.php\/wp-json\/wp\/v2\/pages\/1866\/revisions"}],"predecessor-version":[{"id":1990,"href":"https:\/\/turismomarfel.com\/index.php\/wp-json\/wp\/v2\/pages\/1866\/revisions\/1990"}],"wp:attachment":[{"href":"https:\/\/turismomarfel.com\/index.php\/wp-json\/wp\/v2\/media?parent=1866"}],"curies":[{"name":"wp","href":"https:\/\/api.w.org\/{rel}","templated":true}]}}