{"id":2022,"date":"2024-09-27T16:15:40","date_gmt":"2024-09-27T16:15:40","guid":{"rendered":"https:\/\/turismomarfel.com\/?page_id=2022"},"modified":"2024-09-27T16:17:26","modified_gmt":"2024-09-27T16:17:26","slug":"politicas-de-privacidad","status":"publish","type":"page","link":"https:\/\/turismomarfel.com\/index.php\/politicas-de-privacidad\/","title":{"rendered":"Pol\u00edticas de privacidad"},"content":{"rendered":"<p>[et_pb_section fb_built=&#8221;1&#8243; theme_builder_area=&#8221;post_content&#8221; _builder_version=&#8221;4.27.0&#8243; _module_preset=&#8221;default&#8221;][et_pb_row _builder_version=&#8221;4.27.0&#8243; _module_preset=&#8221;default&#8221; theme_builder_area=&#8221;post_content&#8221;][et_pb_column _builder_version=&#8221;4.27.0&#8243; _module_preset=&#8221;default&#8221; type=&#8221;4_4&#8243; theme_builder_area=&#8221;post_content&#8221;][et_pb_text _builder_version=&#8221;4.27.0&#8243; _module_preset=&#8221;default&#8221; theme_builder_area=&#8221;post_content&#8221; hover_enabled=&#8221;0&#8243; sticky_enabled=&#8221;0&#8243;]<\/p>\n<p><strong>Pol\u00edticas de privacidad<\/strong><\/p>\n<p><strong>1. INTRODUCCI\u00d3N<\/strong><br \/>El presente documento tiene por objeto establecer y regular las condiciones de uso y salvaguardar la informaci\u00f3n publicada en el sitio web www.turismomarfel.com (en adelante, el \u201cSitio\u201d), siendo todas las p\u00e1ginas y su contenido propiedad de Turismo MARFEL S. de R.L. de C.V. con con R.F.C. TMA181018IU3 a los que se accede a trav\u00e9s del dominio www.turismomarfel.com<\/p>\n<p>Turismo MARFEL S. de R.L. de C.V. (en adelante \u201cTurismo MARFEL.\u201d) pretende utilizar el Sitio para proporcionar a sus clientes informaci\u00f3n sobre green fees y cualquier otro servicio que considere en cada momento parte de su objeto social.<\/p>\n<p>La utilizaci\u00f3n de esta p\u00e1gina y de los servicios prestados implica la aceptaci\u00f3n plena e incondicional de todos y cada uno de los t\u00e9rminos y condiciones incluidos en este Aviso Legal (en adelante, los \u00abT\u00e9rminos y Condiciones\u00bb), por lo que debe conocer la importancia de leer este aviso cada vez que visite el Sitio. Al acceder a este Sitio se considera que ha le\u00eddo y aceptado los siguientes T\u00e9rminos y Condiciones, Turismo MARFEL recomienda que los imprima o los descargue y los lea atentamente cada vez que acceda al Sitio.<\/p>\n<p><strong>2. INFORMACI\u00d3N GENERAL<\/strong><br \/>Este Sitio y la direcci\u00f3n de correo electr\u00f3nico info@turismomarfel.com es propiedad de Turismo MARFEL La direcci\u00f3n de correo electr\u00f3nico est\u00e1 protegida contra spambots. Javascript debe estar activado para ver el Sitio.<\/p>\n<p><strong>3. USO DEL SITIO.<\/strong><br \/>Al aceptar estos T\u00e9rminos y Condiciones, usted se compromete a utilizar este Sitio y su servicio en la forma y forma establecida en el mismo. Usted se compromete a no utilizar el Sitio y sus servicios con fines il\u00edcitos y\/o contrarios a estos T\u00e9rminos y Condiciones, que puedan violar los derechos y\/o lesionar los intereses de terceros, o que de cualquier forma puedan da\u00f1ar o perturbar el funcionamiento del Sitio o de los servicios prestados en \u00e9l ahora y en el futuro.<\/p>\n<p><strong>4. ALCANCE DEL SITIO. TUS RESPONSABILIDADES<\/strong><br \/>Este Sitio comprende la p\u00e1gina web www.turismomarfel.com.<\/p>\n<p>Usted es el \u00fanico responsable de acceder a este Sitio. Usted es el \u00fanico responsable de los riesgos derivados del uso de este Sitio Turismo MARFEL no garantiza: (i) la infalibilidad, disponibilidad, continuidad, buen funcionamiento y seguridad del Sitio Web; (ii) que el contenido del Sitio o la informaci\u00f3n publicada en el Sitio est\u00e1 libre de virus u otro malware, o de errores, omisiones e inexactitudes; (iii) su seguridad mientras utiliza el Sitio;<\/p>\n<p>Turismo MARFEL no se hace responsable de los da\u00f1os derivados de interferencias, omisiones, interrupciones, virus inform\u00e1ticos, fallos en las l\u00edneas telef\u00f3nicas o desconexiones de este sistema electr\u00f3nico que escapan al control de Turismo MARFEL; ni de los retrasos y bloqueos en el uso del sistema electr\u00f3nico producidos por fallos o sobrecargas del sistema en su centro de proceso de datos, de las l\u00edneas telef\u00f3nicas, de Internet o de otros sistemas electr\u00f3nicos, ni ser\u00e1 responsable de los da\u00f1os producidos por intromisiones ileg\u00edtimas por parte de terceros ajenos al control de Turismo MARFEL Asimismo, Turismo MARFEL no se hace responsable de los da\u00f1os y perjuicios derivados de errores, defectos u omisiones en la informaci\u00f3n facilitada por Turismo MARFEL, siempre que dichos datos procedan de terceros.<\/p>\n<p>El acceso a este sitio web no implica el establecimiento de ning\u00fan tipo de relaci\u00f3n comercial entre usted y Turismo MARFEL.<\/p>\n<p><strong>5. ACTUALIZACI\u00d3N Y MODIFICACI\u00d3N DE LA INFORMACI\u00d3N<\/strong><br \/>La informaci\u00f3n en este Sitio es actual a partir de la \u00faltima actualizaci\u00f3n. Turismo MARFEL se reserva el derecho de actualizar, modificar o eliminar cualquier informaci\u00f3n de este Sitio, as\u00ed como de limitar o prohibir el acceso al mismo.<\/p>\n<p>Turismo MARFEL se reserva el derecho a realizar los cambios y modificaciones que considere oportunos en cualquier momento, sin previo aviso.<\/p>\n<p><strong>6. CONTENIDO<\/strong><br \/>Turismo MARFEL realizar\u00e1 los m\u00e1ximos esfuerzos para evitar errores en la informaci\u00f3n publicada en el Sitio. Turismo MARFEL no garantiza ni se hace responsable de las consecuencias de los errores contenidos en la informaci\u00f3n de terceros publicada en el Sitio.<\/p>\n<p>Turismo MARFEL no ser\u00e1 responsable de ning\u00fan modo por el contenido, las actividades comerciales, los productos y los servicios vistos directa o indirectamente a trav\u00e9s de enlaces, siempre y cuando estos se coloquen en el Sitio. A menos que se especifique lo contrario, los enlaces se colocan en el sitio web de Turismo MARFEL tiene una finalidad meramente informativa, sin que en ning\u00fan caso pueda interpretarse como sugerencia, invitaci\u00f3n o recomendaci\u00f3n sobre los mismos por parte de Turismo MARFEL Dichos enlaces no implican ning\u00fan tipo de relaci\u00f3n entre Turismo MARFEL y los titulares (empresas o particulares) de los sitios web a los que se acceda mediante dichos enlaces. Turismo MARFEL se reserva el derecho de retirar unilateralmente, en cualquier momento y sin previo aviso, los enlaces colocados en el Sitio.<\/p>\n<p>Turismo MARFEL se reserva el derecho a impedir o prohibir el acceso al Sitio a cualquier usuario de Internet que publique en el Sitio contenidos il\u00edcitos o inmorales, reserv\u00e1ndose el derecho a emprender las acciones legales que considere oportunas para evitar este tipo de conductas.<\/p>\n<p><strong>7. NAVEGACI\u00d3N, ACCESO Y SEGURIDAD.<\/strong><br \/>Turismo MARFEL realizar\u00e1 los m\u00e1ximos esfuerzos para garantizar unas condiciones \u00f3ptimas de navegaci\u00f3n y evitar las molestias ocasionadas durante la navegaci\u00f3n.<\/p>\n<p>Turismo MARFEL no se hace responsable de los da\u00f1os y perjuicios de toda naturaleza causados \u200b\u200bpor el uso de navegadores o versiones de software para los que no ha sido desarrollado el Sitio.<\/p>\n<p>Turismo MARFEL no se responsabiliza ni garantiza el acceso ininterrumpido y\/o libre de error al Sitio. Tampoco se hace responsable ni garantiza que cualquier contenido o software al que se acceda a trav\u00e9s del Sitio est\u00e9 libre de errores y no da\u00f1e su computadora. Turismo MARFEL en ning\u00fan caso ser\u00e1 responsable de las p\u00e9rdidas o da\u00f1os de cualquier tipo derivados del acceso y uso del Sitio, incluy\u00e9ndose, pero no limit\u00e1ndose, a las p\u00e9rdidas o da\u00f1os en los sistemas inform\u00e1ticos o derivados de la introducci\u00f3n de virus. Turismo MARFEL no se hace responsable de los da\u00f1os y perjuicios que se produzcan como consecuencia de un uso incorrecto del Sitio. En concreto, no ser\u00e1 responsable en modo alguno de las aver\u00edas, interrupciones, faltas o defectos de las telecomunicaciones.<\/p>\n<p>Los servicios prestados en el Sitio s\u00f3lo podr\u00e1n ser utilizados correctamente si se cumplen las especificaciones t\u00e9cnicas para las que ha sido dise\u00f1ado.<\/p>\n<p>8. PROTECCI\u00d3N DE DATOS.<br \/>Turismo MARFEL le informa que se atiene a la normativa vigente en protecci\u00f3n de datos, en concreto a la Ley Org\u00e1nica 15\/99, de 13 de diciembre, de Protecci\u00f3n de Datos y sus disposiciones de desarrollo. Para ello, ha adoptado todas las medidas de \u00edndole t\u00e9cnica y organizativa necesarias para evitar la p\u00e9rdida, mal uso, alteraci\u00f3n, acceso no autorizado y robo de los datos personales suministrados a trav\u00e9s del Sitio, habida cuenta del estado de la tecnolog\u00eda, la naturaleza de los datos facilitados y los riesgos a los que est\u00e1n expuestos. En caso de que en la utilizaci\u00f3n de los servicios prestados a trav\u00e9s de este Sitio se le requiera proporcionar informaci\u00f3n personal, Turismo MARFEL, en cumplimiento de la normativa vigente, le informar\u00e1 debidamente sobre sus derechos y obtendr\u00e1 su consentimiento expreso y expl\u00edcito para tratar su informaci\u00f3n personal.<\/p>\n<p>9. SOBRE LAS COOKIES.<br \/>El acceso a este Sitio puede implicar la utilizaci\u00f3n de cookies tanto en p\u00e1ginas propias como en aquellas a las que se accede o se remite a trav\u00e9s de enlaces. Puede configurar su navegador para que bloquee las cookies o le avise de que se instalar\u00e1n cookies.<\/p>\n<p>10. PROPIEDAD INTELECTUAL Y DERECHOS DE AUTOR.<br \/>Turismo MARFEL declara que, salvo que se indique lo contrario, los textos, im\u00e1genes, ilustraciones, dise\u00f1os, iconos, fotograf\u00edas, videoclips, fragmentos de sonido y dem\u00e1s material del Sitio y cualesquiera otras creaciones intelectuales y\/o invenciones o descubrimientos cient\u00edficos y t\u00e9cnicos con independencia de su car\u00e1cter corporativo o industrial aplicaci\u00f3n (en adelante denominados colectivamente como los \u00abContenidos\u00bb) han sido creados o inventados por Turismo MARFEL o cedida, licenciada, cedida o autorizada para su uso por parte de los titulares y\/o cesionarios.<\/p>\n<p>Usted se compromete a no suprimir o alterar cualquier signo distintivo utilizado en este Sitio, incluyendo, pero no limitado a, marcas, nombres comerciales (dise\u00f1os, logos, etc.), s\u00edmbolos de copyright y otros elementos identificativos de los derechos de Turismo MARFEL o de terceros incluidos en el Sitio.<\/p>\n<p>Turismo MARFEL tambi\u00e9n ostenta todos los derechos sobre cualquier clase de obra, invenci\u00f3n, descubrimiento, patente, idea, concepto, actualizaci\u00f3n y mejora relacionada con el Sitio, sus sistemas, aplicaciones y programas, o con los servicios prestados por Turismo MARFEL que son creados, dise\u00f1ados, desarrollados o implementados por primera vez por Turismo MARFEL ya sea solo o con la ayuda de los usuarios del Sitio, en el curso o como resultado de un dise\u00f1o, desarrollo o cualquier otro proyecto llevado a cabo bajo los t\u00e9rminos de este Contrato.<\/p>\n<p>No podr\u00e1 utilizar el nombre, marcas, s\u00edmbolos, logos o signos distintivos titularidad de Turismo MARFEL sin el consentimiento expreso y por escrito de este \u00faltimo.<\/p>\n<p>Si usted o un tercero considera que cualquiera de los contenidos del Sitio viola sus derechos de autor u otros derechos de propiedad intelectual, por favor cont\u00e1ctenos en la siguiente direcci\u00f3n: Turismo MARFEL, Republica de Bolivia, 309-A. Panamericana, 31210, Chihuahua, Chihuahua, M\u00e9xico.<\/p>\n<p>Pol\u00edticas de cookies<br \/>1. \u00bfQu\u00e9 son las cookies?<br \/>Como es pr\u00e1ctica com\u00fan en casi todos los sitios web profesionales, este sitio utiliza cookies, que son peque\u00f1os archivos que se descargan en su computadora, para mejorar su experiencia. Esta p\u00e1gina describe qu\u00e9 informaci\u00f3n recopilan, c\u00f3mo la usamos y por qu\u00e9 a veces necesitamos almacenar estas cookies. Tambi\u00e9n compartiremos c\u00f3mo puede evitar que se almacenen estas cookies; sin embargo, esto puede degradar o &#8220;romper&#8221; ciertos elementos de la funcionalidad de los sitios.<\/p>\n<p>Para obtener informaci\u00f3n m\u00e1s general sobre las cookies, consulte el art\u00edculo de Wikipedia sobre las cookies HTTP.<\/p>\n<p>2. C\u00f3mo usamos las cookies<br \/>Usamos cookies por una variedad de razones que se detallan a continuaci\u00f3n. Desafortunadamente, en la mayor\u00eda de los casos, no existen opciones est\u00e1ndar de la industria para deshabilitar las cookies sin deshabilitar por completo la funcionalidad y las caracter\u00edsticas que agregan a este sitio. Se recomienda que deje activadas todas las cookies si no est\u00e1 seguro de si las necesita o no en caso de que se utilicen para proporcionar un servicio que utiliza.<\/p>\n<p>3. Deshabilitar las cookies.<br \/>Puede evitar la configuraci\u00f3n de cookies ajustando la configuraci\u00f3n de su navegador (consulte la Ayuda de su navegador para saber c\u00f3mo hacerlo). Tenga en cuenta que deshabilitar las cookies afectar\u00e1 la funcionalidad de este y muchos otros sitios web que visite. La desactivaci\u00f3n de las cookies generalmente resultar\u00e1 en la desactivaci\u00f3n tambi\u00e9n de ciertas funciones y caracter\u00edsticas de este sitio. Por lo tanto, se recomienda que no deshabilite las cookies.<\/p>\n<p>Las clasificaciones de estrellas citadas ser\u00e1n las aplicadas por el proveedor a trav\u00e9s del cual se reserva el alojamiento; estas pueden diferir de las calificaciones oficiales y no podemos responsabilizarnos por cualquier concepto err\u00f3neo relacionado con las calificaciones de estrellas.<\/p>\n<p><strong>4. Las cookies que configuramos.<\/strong><br \/>Si crea una cuenta con nosotros, utilizaremos cookies para la gesti\u00f3n del proceso de registro y la administraci\u00f3n general. Estas cookies generalmente se eliminar\u00e1n cuando cierre la sesi\u00f3n; sin embargo, en algunos casos, pueden permanecer despu\u00e9s para recordar las preferencias de su sitio cuando cierre la sesi\u00f3n.<\/p>\n<p>Utilizamos cookies cuando est\u00e1 conectado para que podamos recordar este hecho. Esto evita que tenga que iniciar sesi\u00f3n cada vez que visita una p\u00e1gina nueva. Estas cookies generalmente se eliminan o borran cuando cierra sesi\u00f3n para garantizar que solo pueda acceder a funciones y \u00e1reas restringidas cuando inicie sesi\u00f3n.<\/p>\n<p>Este sitio ofrece servicios de suscripci\u00f3n a boletines informativos o correo electr\u00f3nico y se pueden usar cookies para recordar si ya est\u00e1 registrado y si mostrar ciertas notificaciones que pueden ser v\u00e1lidas solo para usuarios suscritos o no suscritos.<\/p>\n<p>Este sitio ofrece comercio electr\u00f3nico o facilidades de pago y algunas cookies son esenciales para garantizar que su pedido sea recordado entre p\u00e1ginas para que podamos procesarlo correctamente.<\/p>\n<p>Con el fin de brindarle una gran experiencia en este sitio, proporcionamos la funcionalidad para configurar sus preferencias sobre c\u00f3mo se ejecuta este sitio cuando lo usa. Para recordar sus preferencias, necesitamos configurar cookies para que esta informaci\u00f3n pueda ser llamada cada vez que interact\u00faa con una p\u00e1gina que se ve afectada por sus preferencias.<\/p>\n<p><strong>5. Cookies de terceros.<\/strong><br \/>En algunos casos especiales, tambi\u00e9n utilizamos cookies proporcionadas por terceros de confianza. La siguiente secci\u00f3n detalla qu\u00e9 cookies de terceros puede encontrar a trav\u00e9s de este sitio.<\/p>\n<p>Este sitio utiliza Google Analytics, que es una de las soluciones de an\u00e1lisis m\u00e1s extendidas y confiables en la web para ayudarnos a comprender c\u00f3mo usa el sitio y las formas en que podemos mejorar su experiencia. Estas cookies pueden rastrear cosas como cu\u00e1nto tiempo pasa en el sitio y las p\u00e1ginas que visita para que podamos continuar produciendo contenido atractivo.<\/p>\n<p>Para obtener m\u00e1s informaci\u00f3n sobre las cookies de Google Analytics, consulte la p\u00e1gina oficial de Google Analytics.<\/p>\n<p>Los an\u00e1lisis de terceros se utilizan para rastrear y medir el uso de este sitio para que podamos continuar produciendo contenido atractivo. Estas cookies pueden rastrear cosas como cu\u00e1nto tiempo pasa en el sitio o las p\u00e1ginas que visita, lo que nos ayuda a comprender c\u00f3mo podemos mejorar el sitio para usted.<\/p>\n<p>De vez en cuando probamos nuevas funciones y hacemos cambios sutiles en la forma en que se entrega el sitio. Cuando todav\u00eda estamos probando nuevas funciones, estas cookies pueden usarse para garantizar que reciba una experiencia consistente mientras est\u00e1 en el sitio y, al mismo tiempo, asegurarnos de que entendemos qu\u00e9 optimizaciones aprecian m\u00e1s nuestros usuarios.<\/p>\n<p>A medida que vendemos productos, es importante para nosotros comprender las estad\u00edsticas sobre cu\u00e1ntos de los visitantes de nuestro sitio realmente realizan una compra y, como tal, este es el tipo de datos que rastrear\u00e1n estas cookies. Esto es importante para usted, ya que significa que podemos hacer predicciones comerciales precisas que nos permitan monitorear nuestros costos de publicidad y productos para garantizar el mejor precio posible.<\/p>\n<p><strong>6. M\u00e1s informaci\u00f3n.<\/strong><br \/>Con suerte, eso le ha aclarado las cosas y, como se mencion\u00f3 anteriormente, si hay algo que no est\u00e1 seguro de si necesita o no, generalmente es m\u00e1s seguro dejar las cookies habilitadas en caso de que interact\u00fae con una de las funciones que usa en nuestro sitio. Sin embargo, si todav\u00eda est\u00e1 buscando m\u00e1s informaci\u00f3n, puede contactarnos a trav\u00e9s de uno de nuestros m\u00e9todos de contacto preferidos.<\/p>\n<p>Correo electr\u00f3nico: info@turismomarfel.com<br \/>Tel\u00e9fono M\u00e9xico: +52 614 155 55 55<\/p>\n<p>[\/et_pb_text][\/et_pb_column][\/et_pb_row][\/et_pb_section]<\/p>\n","protected":false},"excerpt":{"rendered":"<p>Pol\u00edticas de privacidad 1. INTRODUCCI\u00d3NEl presente documento tiene por objeto establecer y regular las condiciones de uso y salvaguardar la informaci\u00f3n publicada en el sitio web www.turismomarfel.com (en adelante, el \u201cSitio\u201d), siendo todas las p\u00e1ginas y su contenido propiedad de Turismo MARFEL S. de R.L. de C.V. con con R.F.C. TMA181018IU3 a los que se [&hellip;]<\/p>\n","protected":false},"author":3,"featured_media":0,"parent":0,"menu_order":0,"comment_status":"closed","ping_status":"closed","template":"","meta":{"_et_pb_use_builder":"on","_et_pb_old_content":"","_et_gb_content_width":"","footnotes":""},"class_list":["post-2022","page","type-page","status-publish","hentry"],"_links":{"self":[{"href":"https:\/\/turismomarfel.com\/index.php\/wp-json\/wp\/v2\/pages\/2022"}],"collection":[{"href":"https:\/\/turismomarfel.com\/index.php\/wp-json\/wp\/v2\/pages"}],"about":[{"href":"https:\/\/turismomarfel.com\/index.php\/wp-json\/wp\/v2\/types\/page"}],"author":[{"embeddable":true,"href":"https:\/\/turismomarfel.com\/index.php\/wp-json\/wp\/v2\/users\/3"}],"replies":[{"embeddable":true,"href":"https:\/\/turismomarfel.com\/index.php\/wp-json\/wp\/v2\/comments?post=2022"}],"version-history":[{"count":3,"href":"https:\/\/turismomarfel.com\/index.php\/wp-json\/wp\/v2\/pages\/2022\/revisions"}],"predecessor-version":[{"id":2025,"href":"https:\/\/turismomarfel.com\/index.php\/wp-json\/wp\/v2\/pages\/2022\/revisions\/2025"}],"wp:attachment":[{"href":"https:\/\/turismomarfel.com\/index.php\/wp-json\/wp\/v2\/media?parent=2022"}],"curies":[{"name":"wp","href":"https:\/\/api.w.org\/{rel}","templated":true}]}}